{"id":100,"date":"2019-07-15T13:56:12","date_gmt":"2019-07-15T11:56:12","guid":{"rendered":"https:\/\/x-acon.de\/xacon-wp\/?page_id=100"},"modified":"2019-09-08T20:28:17","modified_gmt":"2019-09-08T18:28:17","slug":"glow","status":"publish","type":"page","link":"https:\/\/x-acon.de\/xacon-wp\/standbau\/glow\/","title":{"rendered":"GLOW"},"content":{"rendered":"\nngg_shortcode_0_placeholder\n\n\n\n<p>Unser, von uns entwickeltes, beleuchtetes Standbausystem\nbesticht durch LED beleuchtete W\u00e4nde. Auch hier verwenden wir modularen\nMessebau. Einzelne Glow-Elemente (jedes 99cm x 125cm) k\u00f6nnen \u00fcbereinander und\nnebeneinander verbunden werden. Standbauh\u00f6hen von 250cm und 375cm H\u00f6he sind\nproblemlos m\u00f6glich. Unsere Elemente sind mit einer Vielzahl von LED-Lampen\nbest\u00fcckt und k\u00f6nnen dadurch Ihre Bilder und Beschriftungen mit Licht in Szene\nsetzen \u2013 und dies bei einer geringen Tiefe von nur 8cm! GLOW-W\u00e4nde k\u00f6nnen als\n\u201eEye-Catcher\u201c eingesetzt werden oder auch als komplette R\u00fcckwand! Es ist\ndadurch m\u00f6glich ein gro\u00dfes beleuchtetes Gesamtbild darzustellen!<\/p>\n\n\n\n<p>Kabinenbau mit abschlie\u00dfbaren T\u00fcren werden hier mit CUBE\nStandbau kombiniert.<\/p>\n\n\n\n<p>Haben Sie spezielle W\u00fcnsche, Anfragen oder m\u00f6chten Sie ein unverbindliches Angebot? Fragen Sie unser Standbau-Design Team! <\/p>\n","protected":false},"excerpt":{"rendered":"<div class=\"entry-summary\">\nUnser, von uns entwickeltes, beleuchtetes Standbausystem besticht durch LED beleuchtete W\u00e4nde. Auch hier verwenden wir modularen Messebau. Einzelne Glow-Elemente (jedes 99cm x 125cm) k\u00f6nnen \u00fcbereinander und nebeneinander verbunden werden. Standbauh\u00f6hen von 250cm und 375cm H\u00f6he sind problemlos m\u00f6glich. Unsere Elemente&hellip;\n<\/div>\n<div class=\"link-more\"><a href=\"https:\/\/x-acon.de\/xacon-wp\/standbau\/glow\/\" class=\"more-link\"><span class=\"screen-reader-text\"> &ldquo;GLOW&rdquo;<\/span> weiterlesen\u00a0&hellip;<\/a><\/div>\n","protected":false},"author":1,"featured_media":0,"parent":14,"menu_order":2,"comment_status":"closed","ping_status":"closed","template":"","meta":{"inline_featured_image":false,"ngg_post_thumbnail":0,"_themeisle_gutenberg_block_has_review":false,"footnotes":""},"class_list":["post-100","page","type-page","status-publish","hentry","entry"],"_links":{"self":[{"href":"https:\/\/x-acon.de\/xacon-wp\/wp-json\/wp\/v2\/pages\/100","targetHints":{"allow":["GET"]}}],"collection":[{"href":"https:\/\/x-acon.de\/xacon-wp\/wp-json\/wp\/v2\/pages"}],"about":[{"href":"https:\/\/x-acon.de\/xacon-wp\/wp-json\/wp\/v2\/types\/page"}],"author":[{"embeddable":true,"href":"https:\/\/x-acon.de\/xacon-wp\/wp-json\/wp\/v2\/users\/1"}],"replies":[{"embeddable":true,"href":"https:\/\/x-acon.de\/xacon-wp\/wp-json\/wp\/v2\/comments?post=100"}],"version-history":[{"count":5,"href":"https:\/\/x-acon.de\/xacon-wp\/wp-json\/wp\/v2\/pages\/100\/revisions"}],"predecessor-version":[{"id":734,"href":"https:\/\/x-acon.de\/xacon-wp\/wp-json\/wp\/v2\/pages\/100\/revisions\/734"}],"up":[{"embeddable":true,"href":"https:\/\/x-acon.de\/xacon-wp\/wp-json\/wp\/v2\/pages\/14"}],"wp:attachment":[{"href":"https:\/\/x-acon.de\/xacon-wp\/wp-json\/wp\/v2\/media?parent=100"}],"curies":[{"name":"wp","href":"https:\/\/api.w.org\/{rel}","templated":true}]}}