{"id":104,"date":"2019-07-15T13:57:48","date_gmt":"2019-07-15T11:57:48","guid":{"rendered":"https:\/\/x-acon.de\/xacon-wp\/?page_id=104"},"modified":"2019-09-08T20:46:10","modified_gmt":"2019-09-08T18:46:10","slug":"themenpavillons-sonderschauen","status":"publish","type":"page","link":"https:\/\/x-acon.de\/xacon-wp\/projekte\/themenpavillons-sonderschauen\/","title":{"rendered":"Themenpavillons \/ Sonderschauen"},"content":{"rendered":"<div class=\"alignwide-wrap\" data-block=\"themeisle-blocks-advanced-columns\">\n<div class=\"wp-block-themeisle-blocks-advanced-columns alignwide has-3-columns has-desktop-equal-layout has-tablet-equal-layout has-mobile-collapsedRows-layout has-narrow-gap has-vertical-unset\" id=\"wp-block-themeisle-blocks-advanced-columns-5826fd77\" style=\"border-width:0px;border-style:solid;border-color:#000000;border-radius:0px;justify-content:unset\"><div class=\"wp-themeisle-block-overlay\" style=\"opacity:0.5;mix-blend-mode:normal\"><\/div><div class=\"innerblocks-wrap\">\n<div class=\"wp-block-themeisle-blocks-advanced-column\" id=\"wp-block-themeisle-blocks-advanced-column-1bb25a1d\" style=\"background-image:url( 'https:\/\/x-acon.de\/xacon-wp\/wp-content\/uploads\/2019\/08\/CraftDrinksArea_Thumb_sw-5.jpg' );background-attachment:scroll;background-position:top center;background-repeat:no-repeat;background-size:contain;border-width:0px;border-style:solid;border-color:#000000;border-radius:0px\">\n<h2 id=\"wp-block-themeisle-blocks-advanced-heading-04d97dea\" class=\"wp-block-themeisle-blocks-advanced-heading wp-block-themeisle-blocks-advanced-heading-04d97dea\" style=\"color:#0055a6;font-style:normal;text-transform:none;text-shadow:0px 0px 20px rgba(255, 255, 255, 0.5)\"><strong><a href=\"https:\/\/x-acon.de\/xacon-wp\/projekte\/themenpavillons-sonderschauen\/craft-drinks-area\/\">Craft<br>Drinks<br>Area<\/a><\/strong><\/h2>\n\n\n\n<hr class=\"wp-block-separator\"\/>\n\n\n\n<p style=\"text-align:center\">Die kreative Bierkultur \u2013 vom Microbrew Symposium, dem European Beer Star Award \u00fcber inspirierende Fachvortr\u00e4ge bis hin zur&nbsp;Craft Beer Corner&nbsp;und ihrer gef\u00fchrten Verkostungen konnten erlebt werden.<\/p>\n\n\n\n<p style=\"text-align:center\"><a href=\"https:\/\/x-acon.de\/xacon-wp\/projekte\/themenpavillons-sonderschauen\/craft-drinks-area\/\">Lesen Sie hier mehr<\/a><\/p>\n<\/div>\n\n\n\n<div class=\"wp-block-themeisle-blocks-advanced-column\" id=\"wp-block-themeisle-blocks-advanced-column-14ba962b\" style=\"background-image:url( 'https:\/\/x-acon.de\/xacon-wp\/wp-content\/uploads\/2019\/08\/LiveDemoArea_Thumb_sw-6.jpg' );background-attachment:scroll;background-position:top center;background-repeat:no-repeat;background-size:contain;border-width:0px;border-style:solid;border-color:#000000;border-radius:0px\">\n<h2 id=\"wp-block-themeisle-blocks-advanced-heading-c2d62acd\" class=\"wp-block-themeisle-blocks-advanced-heading wp-block-themeisle-blocks-advanced-heading-c2d62acd\" style=\"color:#0055a6;font-style:normal;text-transform:none;text-shadow:0px 0px 20px rgba(255, 255, 255, 0.5)\"><strong><a href=\"https:\/\/x-acon.de\/xacon-wp\/projekte\/themenpavillons-sonderschauen\/demo-area\/\">Live Demonstration Area<\/a><\/strong><\/h2>\n\n\n\n<hr class=\"wp-block-separator\"\/>\n\n\n\n<p style=\"text-align:center\">Bereits seit 2009 konnten Firmen aus dem Bereich Law Enforcement Ihre Produkte auf der Demonstration Area live pr\u00e4sentieren. Die Resonanz der Fachbesucher war \u00fcberaus positiv und die Aussteller konnten einen Mehrwert zu ihrem Messestand generieren.<\/p>\n\n\n\n<p style=\"text-align:center\"><a href=\"https:\/\/x-acon.de\/xacon-wp\/projekte\/themenpavillons-sonderschauen\/demo-area\/\">Lesen Sie hier mehr<\/a><\/p>\n<\/div>\n\n\n\n<div class=\"wp-block-themeisle-blocks-advanced-column\" id=\"wp-block-themeisle-blocks-advanced-column-4998a9c4\" style=\"background-image:url( 'https:\/\/x-acon.de\/xacon-wp\/wp-content\/uploads\/2019\/08\/MeetingPointGolf_Thumb_sw-2.jpg' );background-attachment:scroll;background-position:top center;background-repeat:no-repeat;background-size:contain;border-width:0px;border-style:solid;border-color:#000000;border-radius:0px\">\n<h2 id=\"wp-block-themeisle-blocks-advanced-heading-301b4a29\" class=\"wp-block-themeisle-blocks-advanced-heading wp-block-themeisle-blocks-advanced-heading-301b4a29\" style=\"color:#0055a6;font-style:normal;text-transform:none;text-shadow:0px 0px 20px rgba(255, 255, 255, 0.5)\"><strong><a href=\"https:\/\/x-acon.de\/xacon-wp\/projekte\/themenpavillons-sonderschauen\/meeting-point-golf\/\">Golfplatztage, Meeting Point Golf<\/a><\/strong><\/h2>\n\n\n\n<hr class=\"wp-block-separator\"\/>\n\n\n\n<p style=\"text-align:center\">Mit dem Meeting Point Golf bietet die N\u00fcrnbergMesse kleinen und mittelst\u00e4ndischen Unternehmen sowie Neueinsteigern ein spezielles Angebot zur kosteng\u00fcnstigen und unaufw\u00e4ndigen Pr\u00e4sentation ihres jeweiligen Portfolios.&nbsp;<\/p>\n\n\n\n<p style=\"text-align:center\"><a href=\"https:\/\/x-acon.de\/xacon-wp\/projekte\/themenpavillons-sonderschauen\/meeting-point-golf\/\">Lesen Sie hier mehr<\/a><\/p>\n<\/div>\n<\/div><\/div>\n<\/div>\n\n\n<p style=\"text-align:center\">Seit 2001 f\u00fchren wir f\u00fcr verschieden Teams und Veranstaltungen der N\u00fcrnbergMesse Themenpavillons und Sonderschauen durch und beweisen so immer wieder Kreativit\u00e4t in verschiedenen Fachbereichen. Von einer Sonderschau zum Thema K\u00fchldecken in Hannover, \u201eTr\u00e4ume aus Holz\u201c zur Holzhandwerk, \u201eEnergie &amp; Wasser\u201c zur Brau, \u201eAuspacken leicht gemacht\u201c zur FachPack, \u201eMeeting Point Golf\u201c zur GaLaBau, \u201eFuture Beverage Industry\u201c zur Brau, \u201eLive Demonstration Area\u201c zur IWA OutdoorClassics, etc. bis hin zur \u201eCraft Drinks Area\u201c zur BrauBeviale auf der wir \u00fcber 9.000 registrierte Fachbesucher in 3 Tagen auf der Area begr\u00fc\u00dfen konnten. <\/p>\n\n\n\n<p style=\"text-align:center\">\n\nDie schnelle Einarbeitung in verschieden Fachgebiete, unser geschultes Akquise-Team und eine \u00fcbersichtliche Struktur der \u201ekurzen Wege\u201c sind ebenso unsere St\u00e4rken, wie innovative und oft ungew\u00f6hnliche Wege beim Standbau. Wir bieten unseren Kunden unser bew\u00e4hrtes \u201eAlles-aus-einer Hand\u201c-Konzept!\n\n<\/p>\n","protected":false},"excerpt":{"rendered":"<div class=\"entry-summary\">\nSeit 2001 f\u00fchren wir f\u00fcr verschieden Teams und Veranstaltungen der N\u00fcrnbergMesse Themenpavillons und Sonderschauen durch und beweisen so immer wieder Kreativit\u00e4t in verschiedenen Fachbereichen. Von einer Sonderschau zum Thema K\u00fchldecken in Hannover, \u201eTr\u00e4ume aus Holz\u201c zur Holzhandwerk, \u201eEnergie &amp; Wasser\u201c&hellip;\n<\/div>\n<div class=\"link-more\"><a href=\"https:\/\/x-acon.de\/xacon-wp\/projekte\/themenpavillons-sonderschauen\/\" class=\"more-link\"><span class=\"screen-reader-text\"> &ldquo;Themenpavillons \/ Sonderschauen&rdquo;<\/span> weiterlesen\u00a0&hellip;<\/a><\/div>\n","protected":false},"author":1,"featured_media":0,"parent":16,"menu_order":1,"comment_status":"closed","ping_status":"closed","template":"","meta":{"inline_featured_image":false,"ngg_post_thumbnail":0,"_themeisle_gutenberg_block_has_review":false,"footnotes":""},"class_list":["post-104","page","type-page","status-publish","hentry","entry"],"_links":{"self":[{"href":"https:\/\/x-acon.de\/xacon-wp\/wp-json\/wp\/v2\/pages\/104","targetHints":{"allow":["GET"]}}],"collection":[{"href":"https:\/\/x-acon.de\/xacon-wp\/wp-json\/wp\/v2\/pages"}],"about":[{"href":"https:\/\/x-acon.de\/xacon-wp\/wp-json\/wp\/v2\/types\/page"}],"author":[{"embeddable":true,"href":"https:\/\/x-acon.de\/xacon-wp\/wp-json\/wp\/v2\/users\/1"}],"replies":[{"embeddable":true,"href":"https:\/\/x-acon.de\/xacon-wp\/wp-json\/wp\/v2\/comments?post=104"}],"version-history":[{"count":27,"href":"https:\/\/x-acon.de\/xacon-wp\/wp-json\/wp\/v2\/pages\/104\/revisions"}],"predecessor-version":[{"id":741,"href":"https:\/\/x-acon.de\/xacon-wp\/wp-json\/wp\/v2\/pages\/104\/revisions\/741"}],"up":[{"embeddable":true,"href":"https:\/\/x-acon.de\/xacon-wp\/wp-json\/wp\/v2\/pages\/16"}],"wp:attachment":[{"href":"https:\/\/x-acon.de\/xacon-wp\/wp-json\/wp\/v2\/media?parent=104"}],"curies":[{"name":"wp","href":"https:\/\/api.w.org\/{rel}","templated":true}]}}