{"id":108,"date":"2019-07-15T13:58:35","date_gmt":"2019-07-15T11:58:35","guid":{"rendered":"https:\/\/x-acon.de\/xacon-wp\/?page_id=108"},"modified":"2025-07-24T11:04:58","modified_gmt":"2025-07-24T09:04:58","slug":"craft-drinks-area","status":"publish","type":"page","link":"https:\/\/x-acon.de\/xacon-wp\/projekte\/themenpavillons-sonderschauen\/craft-drinks-area\/","title":{"rendered":"Craft Drinks Area"},"content":{"rendered":"\nngg_shortcode_0_placeholder\n\n\n\n<p>Geschmacksvielfalt, edle Tropfen, die Freude am Experimentieren \u2013 das alles macht die neue kreative Bierkultur aus, nicht ohne Grund,\u00a0<strong>Trendthema\u00a0<\/strong>seit der BrauBeviale 2016. Die kreative Bierkultur \u2013 vom Microbrew Symposium, dem European Beer Star Award \u00fcber inspirierende Fachvortr\u00e4ge bis hin zur\u00a0<strong>Craft Beer Corner<\/strong>\u00a0und ihrer gef\u00fchrten Verkostungen konnten erlebt werden.<\/p>\n\n\n\n<p>Auf der Craft Drinks Area treffen sich traditionelle und Craft Beer-Brauereien, Craft Drinks-Enthusiasten, der Getr\u00e4nkefachhandel, Getr\u00e4nkefachgro\u00dfhandel, die Gastronomie und die Hotellerie, um sich ganz ohne Vertriebsdruck dem Thema \u201eKreative Getr\u00e4nkekultur\u201c zu n\u00e4hern. Eingegliedert 2018 wurden der Themenbereich brau@home, hier gibt es alles f\u00fcr den ambitionierten Heim- und Hobbybrauer. Mit angeschlossenem Schaubrauen und einer SpeakersCorner, auf der Spezialisten ihr Wissen pr\u00e4sentieren k\u00f6nnen.<\/p>\n\n\n\n<ul class=\"wp-block-list\">\n<li>Themenbars zu Bier jeder Art, leichtes Bier, Wasser, Nicht-alkoholische Getr\u00e4nke und Premiumspirituosen.<\/li>\n\n\n\n<li>L\u00e4nderbars mit Bierspezialit\u00e4ten aus der ganzen Welt (z.B. USA, Mexiko, Italien, UK, Spanien etc.)<\/li>\n\n\n\n<li>Gef\u00fchrte Verkostungen durch Sommeliers an den verschiedenen Themenbars und in L\u00e4nder-Specials, dazu die Spezialverkostungen im Premiumspirituosen Bereich<\/li>\n<\/ul>\n\n\n\n<p>Unser Aufgabenschwerpunkt liegt hier in: <\/p>\n\n\n\n<p>Auch f\u00fcr dieses Event kam unser bew\u00e4hrtes \u201eAlles-aus-einer-Hand\u201c Konzept zum Einsatz. Von der Akquisition der Bierspezialit\u00e4ten, der Annahme und Zwischenlagerung der Biere \u00fcber die Einteilung der Verkostungen, Akquirierung der Referenten und Teilnehmer bis hin zum individuellen, hochwertigen 5,0m hohen Standbau der verschiedenen Themenbereiche der Craft Beer Corner, Speakers Corner und Schaubrauen. Wir als X-ACON Team waren f\u00fcr die komplette Betreuung der gesamten Fl\u00e4chen w\u00e4hrend der Veranstaltung verantwortlich!<\/p>\n\n\n\n<p><\/p>\n","protected":false},"excerpt":{"rendered":"<div class=\"entry-summary\">\nGeschmacksvielfalt, edle Tropfen, die Freude am Experimentieren \u2013 das alles macht die neue kreative Bierkultur aus, nicht ohne Grund,\u00a0Trendthema\u00a0seit der BrauBeviale 2016. Die kreative Bierkultur \u2013 vom Microbrew Symposium, dem European Beer Star Award \u00fcber inspirierende Fachvortr\u00e4ge bis hin zur\u00a0Craft&hellip;\n<\/div>\n<div class=\"link-more\"><a href=\"https:\/\/x-acon.de\/xacon-wp\/projekte\/themenpavillons-sonderschauen\/craft-drinks-area\/\" class=\"more-link\"><span class=\"screen-reader-text\"> &ldquo;Craft Drinks Area&rdquo;<\/span> weiterlesen\u00a0&hellip;<\/a><\/div>\n","protected":false},"author":1,"featured_media":0,"parent":104,"menu_order":0,"comment_status":"closed","ping_status":"closed","template":"","meta":{"inline_featured_image":false,"ngg_post_thumbnail":0,"_themeisle_gutenberg_block_has_review":false,"footnotes":""},"class_list":["post-108","page","type-page","status-publish","hentry","entry"],"_links":{"self":[{"href":"https:\/\/x-acon.de\/xacon-wp\/wp-json\/wp\/v2\/pages\/108","targetHints":{"allow":["GET"]}}],"collection":[{"href":"https:\/\/x-acon.de\/xacon-wp\/wp-json\/wp\/v2\/pages"}],"about":[{"href":"https:\/\/x-acon.de\/xacon-wp\/wp-json\/wp\/v2\/types\/page"}],"author":[{"embeddable":true,"href":"https:\/\/x-acon.de\/xacon-wp\/wp-json\/wp\/v2\/users\/1"}],"replies":[{"embeddable":true,"href":"https:\/\/x-acon.de\/xacon-wp\/wp-json\/wp\/v2\/comments?post=108"}],"version-history":[{"count":6,"href":"https:\/\/x-acon.de\/xacon-wp\/wp-json\/wp\/v2\/pages\/108\/revisions"}],"predecessor-version":[{"id":914,"href":"https:\/\/x-acon.de\/xacon-wp\/wp-json\/wp\/v2\/pages\/108\/revisions\/914"}],"up":[{"embeddable":true,"href":"https:\/\/x-acon.de\/xacon-wp\/wp-json\/wp\/v2\/pages\/104"}],"wp:attachment":[{"href":"https:\/\/x-acon.de\/xacon-wp\/wp-json\/wp\/v2\/media?parent=108"}],"curies":[{"name":"wp","href":"https:\/\/api.w.org\/{rel}","templated":true}]}}