{"id":110,"date":"2019-07-15T13:58:56","date_gmt":"2019-07-15T11:58:56","guid":{"rendered":"https:\/\/x-acon.de\/xacon-wp\/?page_id=110"},"modified":"2019-09-11T21:32:06","modified_gmt":"2019-09-11T19:32:06","slug":"demo-area","status":"publish","type":"page","link":"https:\/\/x-acon.de\/xacon-wp\/projekte\/themenpavillons-sonderschauen\/demo-area\/","title":{"rendered":"Live Demonstration Area"},"content":{"rendered":"\nngg_shortcode_0_placeholder\n\n\n\n<p>Bereits seit 2009 konnten\nFirmen aus dem Bereich Law Enforcement Ihre Produkte auf der Demonstration Area\nlive pr\u00e4sentieren. Die Resonanz der Fachbesucher war \u00fcberaus positiv und die\nAussteller konnten einen Mehrwert zu ihrem Messestand generieren.<\/p>\n\n\n\n<p>Wir boten den Ausstellern der IWA OutdoorClassics in Kooperation mit der N\u00fcrnbergMesse folgendes an:<\/p>\n\n\n\n<ul class=\"wp-block-list\"><li>Eine kosteneffiziente M\u00f6glichkeit Ihrer Produkte live vorzuf\u00fchren.  <\/li><li>Kostenlose B\u00fchne und Technik auf der Pr\u00e4sentationsfl\u00e4che  <\/li><li>Interessierte und qualifizierte Fachbesucher. <\/li><li>Gezielte Werbema\u00dfnahmen seitens N\u00fcrnbergMesse f\u00fcr die Demonstration Area (Internet, Plakate, Flyer, Pressearbeit, etc.)   <\/li><\/ul>\n\n\n\n<p>Die Aussteller hatten die M\u00f6glichkeit t\u00e4glich live, 20\nMinuten lag, mit einer praktischen Vorf\u00fchrung und m\u00f6glichst viel \u201eAction\u201c ihre\nProdukte zu pr\u00e4sentieren. Die Besucher sollten dabei eine kompakte und\nanschauliche Pr\u00e4sentation erhalten, wie sich Ihre Produkte im Alltag bew\u00e4hren. <\/p>\n\n\n\n<p>Unsere Aufgabenschwerpunkte liegen hier in der Akquisition der Teilnehmer, der Kundenbetreuung vor und w\u00e4hrend der Veranstaltung, der Organisation und Durchf\u00fchrung, sowie auf dem Standbau von DemoArea mit B\u00fchne und Bestuhlung, und der angeschlossenen Catering Area \u201eTarget Caf\u00e9\u201c.<\/p>\n","protected":false},"excerpt":{"rendered":"<div class=\"entry-summary\">\nBereits seit 2009 konnten Firmen aus dem Bereich Law Enforcement Ihre Produkte auf der Demonstration Area live pr\u00e4sentieren. Die Resonanz der Fachbesucher war \u00fcberaus positiv und die Aussteller konnten einen Mehrwert zu ihrem Messestand generieren. Wir boten den Ausstellern der&hellip;\n<\/div>\n<div class=\"link-more\"><a href=\"https:\/\/x-acon.de\/xacon-wp\/projekte\/themenpavillons-sonderschauen\/demo-area\/\" class=\"more-link\"><span class=\"screen-reader-text\"> &ldquo;Live Demonstration Area&rdquo;<\/span> weiterlesen\u00a0&hellip;<\/a><\/div>\n","protected":false},"author":1,"featured_media":0,"parent":104,"menu_order":1,"comment_status":"closed","ping_status":"closed","template":"","meta":{"inline_featured_image":false,"ngg_post_thumbnail":0,"_themeisle_gutenberg_block_has_review":false,"footnotes":""},"class_list":["post-110","page","type-page","status-publish","hentry","entry"],"_links":{"self":[{"href":"https:\/\/x-acon.de\/xacon-wp\/wp-json\/wp\/v2\/pages\/110","targetHints":{"allow":["GET"]}}],"collection":[{"href":"https:\/\/x-acon.de\/xacon-wp\/wp-json\/wp\/v2\/pages"}],"about":[{"href":"https:\/\/x-acon.de\/xacon-wp\/wp-json\/wp\/v2\/types\/page"}],"author":[{"embeddable":true,"href":"https:\/\/x-acon.de\/xacon-wp\/wp-json\/wp\/v2\/users\/1"}],"replies":[{"embeddable":true,"href":"https:\/\/x-acon.de\/xacon-wp\/wp-json\/wp\/v2\/comments?post=110"}],"version-history":[{"count":5,"href":"https:\/\/x-acon.de\/xacon-wp\/wp-json\/wp\/v2\/pages\/110\/revisions"}],"predecessor-version":[{"id":787,"href":"https:\/\/x-acon.de\/xacon-wp\/wp-json\/wp\/v2\/pages\/110\/revisions\/787"}],"up":[{"embeddable":true,"href":"https:\/\/x-acon.de\/xacon-wp\/wp-json\/wp\/v2\/pages\/104"}],"wp:attachment":[{"href":"https:\/\/x-acon.de\/xacon-wp\/wp-json\/wp\/v2\/media?parent=110"}],"curies":[{"name":"wp","href":"https:\/\/api.w.org\/{rel}","templated":true}]}}