{"id":112,"date":"2019-07-15T13:59:32","date_gmt":"2019-07-15T11:59:32","guid":{"rendered":"https:\/\/x-acon.de\/xacon-wp\/?page_id=112"},"modified":"2019-09-08T20:51:38","modified_gmt":"2019-09-08T18:51:38","slug":"meeting-point-golf","status":"publish","type":"page","link":"https:\/\/x-acon.de\/xacon-wp\/projekte\/themenpavillons-sonderschauen\/meeting-point-golf\/","title":{"rendered":"Golfplatztage, Meeting Point Golf"},"content":{"rendered":"\nngg_shortcode_0_placeholder\n\n\n\n<p>Seit 2014 haben wir im Auftrag\nder N\u00fcrnbergMesse verschiedene Themenpavillons zum Thema Golf im Rahmen der\nFachmesse GaLaBau organisiert. Die GaLaBau ist eine internationale Leitmesse\nf\u00fcr Planung, Bau und Pflege von Urban- und Gr\u00fcnr\u00e4umen und Sportpl\u00e4tzen,\nGolfanlagen und Spielplatzbau.<\/p>\n\n\n\n<p>Mit dem Meeting Point Golf\nbietet die N\u00fcrnbergMesse kleinen und mittelst\u00e4ndischen Unternehmen sowie\nNeueinsteigern ein spezielles Angebot zur kosteng\u00fcnstigen und unaufw\u00e4ndigen\nPr\u00e4sentation ihres jeweiligen Portfolios. Die gesamte Akquise und den\nhochwertigen Standbau in verschiedenen Ausf\u00fchrungen wurde von uns \u00fcbernommen.<\/p>\n\n\n\n<p>Die Zielgruppe f\u00fcr die\nAusstellerakquise sollten spezialisierte Unternehmen aus dem Bereich Bau,\nPflege und Management von Golfanlagen sein.<\/p>\n\n\n\n<p>Auch hierf\u00fcr wurden wir mit unserem erfolgreichen \u201eAlles-aus-einer-Hand\u201c-Konzept beauftragt.<\/p>\n\n\n\n<p>Wir wurden f\u00fcr diese Pavillons mit den folgenden Aufgabengebieten betreut: Akquise der Teilnehmer, Ansprechpartner f\u00fcr Teilnehmer im Vorfeld der Veranstaltung, Anschreiben erstellen und Abfragen, sowie Absprachen mit N\u00fcrnbergMesse und deren Service Partnern (Strom, Abh\u00e4ngungen etc.) und nicht zuletzt mit dem eigenen Standbau.<\/p>\n","protected":false},"excerpt":{"rendered":"<div class=\"entry-summary\">\nSeit 2014 haben wir im Auftrag der N\u00fcrnbergMesse verschiedene Themenpavillons zum Thema Golf im Rahmen der Fachmesse GaLaBau organisiert. Die GaLaBau ist eine internationale Leitmesse f\u00fcr Planung, Bau und Pflege von Urban- und Gr\u00fcnr\u00e4umen und Sportpl\u00e4tzen, Golfanlagen und Spielplatzbau. Mit&hellip;\n<\/div>\n<div class=\"link-more\"><a href=\"https:\/\/x-acon.de\/xacon-wp\/projekte\/themenpavillons-sonderschauen\/meeting-point-golf\/\" class=\"more-link\"><span class=\"screen-reader-text\"> &ldquo;Golfplatztage, Meeting Point Golf&rdquo;<\/span> weiterlesen\u00a0&hellip;<\/a><\/div>\n","protected":false},"author":1,"featured_media":0,"parent":104,"menu_order":2,"comment_status":"closed","ping_status":"closed","template":"","meta":{"inline_featured_image":false,"ngg_post_thumbnail":0,"_themeisle_gutenberg_block_has_review":false,"footnotes":""},"class_list":["post-112","page","type-page","status-publish","hentry","entry"],"_links":{"self":[{"href":"https:\/\/x-acon.de\/xacon-wp\/wp-json\/wp\/v2\/pages\/112","targetHints":{"allow":["GET"]}}],"collection":[{"href":"https:\/\/x-acon.de\/xacon-wp\/wp-json\/wp\/v2\/pages"}],"about":[{"href":"https:\/\/x-acon.de\/xacon-wp\/wp-json\/wp\/v2\/types\/page"}],"author":[{"embeddable":true,"href":"https:\/\/x-acon.de\/xacon-wp\/wp-json\/wp\/v2\/users\/1"}],"replies":[{"embeddable":true,"href":"https:\/\/x-acon.de\/xacon-wp\/wp-json\/wp\/v2\/comments?post=112"}],"version-history":[{"count":6,"href":"https:\/\/x-acon.de\/xacon-wp\/wp-json\/wp\/v2\/pages\/112\/revisions"}],"predecessor-version":[{"id":747,"href":"https:\/\/x-acon.de\/xacon-wp\/wp-json\/wp\/v2\/pages\/112\/revisions\/747"}],"up":[{"embeddable":true,"href":"https:\/\/x-acon.de\/xacon-wp\/wp-json\/wp\/v2\/pages\/104"}],"wp:attachment":[{"href":"https:\/\/x-acon.de\/xacon-wp\/wp-json\/wp\/v2\/media?parent=112"}],"curies":[{"name":"wp","href":"https:\/\/api.w.org\/{rel}","templated":true}]}}