{"id":210,"date":"2019-07-31T16:12:31","date_gmt":"2019-07-31T14:12:31","guid":{"rendered":"https:\/\/x-acon.de\/xacon-wp\/?page_id=210"},"modified":"2025-07-24T10:42:20","modified_gmt":"2025-07-24T08:42:20","slug":"home","status":"publish","type":"page","link":"https:\/\/x-acon.de\/xacon-wp\/","title":{"rendered":"Willkommen"},"content":{"rendered":"\n<hr class=\"wp-block-separator has-css-opacity is-style-wide\"\/>\n\n\n\n<h3 id=\"wp-block-themeisle-blocks-advanced-heading-cb303093\" class=\"wp-block-themeisle-blocks-advanced-heading wp-block-themeisle-blocks-advanced-heading-cb303093\">Willkommen<\/h3>\n\n\n\n<p>Wir sind Partner der N\u00fcrnberger Messe mit \u00fcber 25 Jahren Ausstellungs- und<br>Standbauerfahrung und befinden uns in unmittelbarer N\u00e4he des Messegel\u00e4ndes.<\/p>\n\n\n\n<h4 id=\"wp-block-themeisle-blocks-advanced-heading-da0c0aaf\" class=\"wp-block-themeisle-blocks-advanced-heading wp-block-themeisle-blocks-advanced-heading-da0c0aaf\">Unsere Kompetenzen:<\/h4>\n\n\n\n<ul class=\"wp-block-list\">\n<li>Modern, kreativ und auffallend anders &#8211; mit der visuellen Wirkung eines<br>kundenspezifischen Standes zum Preis einer Systemst\u00e4nderkonstruktion.<\/li>\n\n\n\n<li>Unsere einzigartige modulare Standkonstruktion kann eine optische H\u00f6he von<br>bis zu 5 Metern erreichen.<\/li>\n\n\n\n<li>Englisch \/ Deutsch sprechend, pers\u00f6nliche Betreuung, um sich vor, w\u00e4hrend<br>und nach der Veranstaltung um Ihre Anliegen zu k\u00fcmmern.<\/li>\n\n\n\n<li>Schnelle und transparente Kommunikation.<\/li>\n\n\n\n<li>Ein ansprechendes und budgetorientiertes Standdesign<\/li>\n\n\n\n<li>Nur 5 Minuten von der N\u00fcrnbergMesse entfernt (schnelle Reaktionszeiten)<\/li>\n\n\n\n<li>Faires Preis-\/Leistungsverh\u00e4ltnis<\/li>\n\n\n\n<li>\u201eAlles-aus-einer-Hand\u201c Konzept f\u00fcr schnelles und effektives Arbeiten. Bei uns<br>vergessen Sie nichts, da wir f\u00fcr Sie mitdenken.<\/li>\n<\/ul>\n\n\n\n<p><br>Profitieren Sie von unserer Erfahrung, unserer einzigartigen Standkonstruktion und<br>lassen Sie uns ein individuelles Standangebot mit einer 3D-Visualisierung f\u00fcr Ihren<br>Stand erstellen.<br>F\u00fcr weitere Fragen und ein unverbindliches Angebot stehen wir Ihnen jederzeit zur<br>Verf\u00fcgung!<br>Wir freuen uns von Ihnen zu h\u00f6ren, da wir davon \u00fcberzeugt sind, dass wir Sie mit<br>unseren Produkten und Dienstleistungen inspirieren k\u00f6nnen.<\/p>\n\n\n\n<p><\/p>\n","protected":false},"excerpt":{"rendered":"<div class=\"entry-summary\">\nWir sind Partner der N\u00fcrnberger Messe mit \u00fcber 25 Jahren Ausstellungs- undStandbauerfahrung und befinden uns in unmittelbarer N\u00e4he des Messegel\u00e4ndes. Profitieren Sie von unserer Erfahrung, unserer einzigartigen Standkonstruktion undlassen Sie uns ein individuelles Standangebot mit einer 3D-Visualisierung f\u00fcr IhrenStand erstellen.F\u00fcr&hellip;\n<\/div>\n<div class=\"link-more\"><a href=\"https:\/\/x-acon.de\/xacon-wp\/\" class=\"more-link\"><span class=\"screen-reader-text\"> &ldquo;Willkommen&rdquo;<\/span> weiterlesen\u00a0&hellip;<\/a><\/div>\n","protected":false},"author":1,"featured_media":0,"parent":0,"menu_order":0,"comment_status":"closed","ping_status":"closed","template":"","meta":{"inline_featured_image":false,"ngg_post_thumbnail":0,"_themeisle_gutenberg_block_has_review":false,"footnotes":""},"class_list":["post-210","page","type-page","status-publish","hentry","entry"],"_links":{"self":[{"href":"https:\/\/x-acon.de\/xacon-wp\/wp-json\/wp\/v2\/pages\/210","targetHints":{"allow":["GET"]}}],"collection":[{"href":"https:\/\/x-acon.de\/xacon-wp\/wp-json\/wp\/v2\/pages"}],"about":[{"href":"https:\/\/x-acon.de\/xacon-wp\/wp-json\/wp\/v2\/types\/page"}],"author":[{"embeddable":true,"href":"https:\/\/x-acon.de\/xacon-wp\/wp-json\/wp\/v2\/users\/1"}],"replies":[{"embeddable":true,"href":"https:\/\/x-acon.de\/xacon-wp\/wp-json\/wp\/v2\/comments?post=210"}],"version-history":[{"count":15,"href":"https:\/\/x-acon.de\/xacon-wp\/wp-json\/wp\/v2\/pages\/210\/revisions"}],"predecessor-version":[{"id":897,"href":"https:\/\/x-acon.de\/xacon-wp\/wp-json\/wp\/v2\/pages\/210\/revisions\/897"}],"wp:attachment":[{"href":"https:\/\/x-acon.de\/xacon-wp\/wp-json\/wp\/v2\/media?parent=210"}],"curies":[{"name":"wp","href":"https:\/\/api.w.org\/{rel}","templated":true}]}}