{"id":3,"date":"2019-07-14T20:52:20","date_gmt":"2019-07-14T18:52:20","guid":{"rendered":"https:\/\/x-acon.de\/xacon-wp\/?page_id=3"},"modified":"2019-08-08T22:28:36","modified_gmt":"2019-08-08T20:28:36","slug":"datenschutzerklaerung","status":"publish","type":"page","link":"https:\/\/x-acon.de\/xacon-wp\/datenschutzerklaerung\/","title":{"rendered":"Datenschutzerkl\u00e4rung"},"content":{"rendered":"\n<h1 class=\"wp-block-heading\">DATENSCHUTZ-BESTIMMUNGEN<\/h1>\n\n\n\n<p>Nach DSGVO haben Sie das Recht, jederzeit Informationen zu Ihren gesammelten Daten bei uns zu erfragen und\/oder eine L\u00f6schung\/\u00c4nderung zu veranlassen. Dem kommen wir gerne nach. Best\u00e4tigen Sie uns kurz Ihre Identit\u00e4t \u00fcber unser Kontaktformular oder per E-Mail direkt an <a href=\"mailto:info@x-acon.de\">info@x-acon.de<\/a><\/p>\n\n\n\n<p>Der Betreff muss hierzu unbedingt \u201cDSGVO\u201d beinhalten. Schreiben Sie dazu ob Sie eine Auskunft, \u00c4nderung oder L\u00f6schung ihrer Daten w\u00fcnschen.<\/p>\n\n\n\n<p>Die Umsetzung erfolgt binnen 14 Tagen.<\/p>\n\n\n\n<h2 class=\"wp-block-heading\">COPYRIGHT<\/h2>\n\n\n\n<p>Alle Rechte, auch die der fotomechanischen Wiedergabe, der Vervielf\u00e4ltigung und der Verbreitung mittels besonderer Verfahren (zum Beispiel Datenverarbeitung, Datentr\u00e4ger, Datennetze), auch teilweise, beh\u00e4lt sich die X-ACON GmbH vor. F\u00fcr etwaige Satzfehler sowie f\u00fcr die Richtigkeit der Eintragungen \u00fcbernimmt die X-ACON GmbH keine Gew\u00e4hr.<\/p>\n\n\n\n<h2 class=\"wp-block-heading\">MARKENRECHT<\/h2>\n\n\n\n<p>Wir weisen ausdr\u00fccklich darauf hin, dass die auf dieser Website genannten und gezeigten Bezeichnungen, Warenzeichen, Logos und Markennamen Eigentum der entsprechenden Firmen und\/oder Personen sind und dem Copyright unterliegen!<\/p>\n\n\n\n<h2 class=\"wp-block-heading\">INTERNET-BEDINGUNGEN<\/h2>\n\n\n\n<p>Das Internet arbeitet als dezentraler Netzwerkverbund mit der Zwischenspeicherung und Weitergabe tempor\u00e4rer Daten. Eine Gew\u00e4hr f\u00fcr den Ausschluss von Manipulation, von versehentlichem Verf\u00e4lschen und Gew\u00e4hr f\u00fcr die Verwendung nur aktueller Daten (z. B. alte Version noch im Cache) auf dem Verbindungsweg Anbieter zu Nutzer kann es zur Zeit daher nicht geben. Auf diese systembedingte Einschr\u00e4nkung weisen wir daher wie folgt hin: Sie erhalten diese Daten unter den Bedingungen des Internets. F\u00fcr die Richtigkeit der Angaben und die \u00dcbereinstimmung mit den Ursprungsdaten kann daher keine Gew\u00e4hr \u00fcbernommen werden.<br><\/p>\n\n\n\n<h2 class=\"wp-block-heading\">LINKS<\/h2>\n\n\n\n<p>Mit einem Urteil vom 12. Mai 1998 hat das Landgericht Hamburg entschieden, dass mit Ausbringung eines Links die Inhalte der gelinkten Seite ggf. mit zu verantworten sind. Dies kann \u2013 so das LG \u2013 nur dadurch verhindert werden, dass man sich von diesen Inhalten ausdr\u00fccklich distanziert. Wir haben Links zu anderen Seiten im Internet gelegt. F\u00fcr alle diese Links gilt: Wir m\u00f6chten betonen, dass wir keinerlei Einfluss auf die Inhalte oder die Gestaltung der gelinkten Seiten haben. Deshalb distanzieren wir uns hiermit ausdr\u00fccklich von allen Inhalten aller Seiten, die von unseren Seiten verlinkt sind. Die Inhalte dieser Seiten machen wir uns nicht zu Eigen. Diese Erkl\u00e4rung gilt f\u00fcr alle auf unseren Seiten angebrachten Links und f\u00fcr die Inhalte aller Seiten, zu denen die angebrachten Links f\u00fchren.<\/p>\n\n\n\n<h2 class=\"wp-block-heading\">DATENSCHUTZ<\/h2>\n\n\n\n<p>Die Betreiber dieser Seiten nehmen den Schutz Ihrer pers\u00f6nlichen Daten sehr ernst. Wir behandeln Ihre personenbezogenen Daten vertraulich und entsprechend der gesetzlichen Datenschutzvorschriften sowie dieser Datenschutzerkl\u00e4rung. Die Nutzung unserer Webseite ist in der Regel ohne Angabe personenbezogener Daten m\u00f6glich. Soweit auf unseren Seiten personenbezogene Daten (beispielsweise Name, Anschrift oder E-Mail Adressen) erhoben werden, erfolgt dies, soweit m\u00f6glich, stets auf freiwilliger Basis. Diese Daten werden ohne Ihre ausdr\u00fcckliche Zustimmung nicht an Dritte weitergegeben. Wir weisen darauf hin, dass die Daten\u00fcbertragung im Internet (z.B. bei der Kommunikation per E-Mail) Sicherheitsl\u00fccken aufweisen kann. Ein l\u00fcckenloser Schutz der Daten vor dem Zugriff durch Dritte ist nicht m\u00f6glich.<br><\/p>\n\n\n\n<h2 class=\"wp-block-heading\">DATENSCHUTZERKL\u00c4RUNG F\u00dcR DIE NUTZUNG VON FACEBOOK-PLUGINS (SHARE-BUTTON)<\/h2>\n\n\n\n<p>Auf unseren Seiten sind Plugins des sozialen Netzwerks Facebook, Anbieter Facebook Inc., 1 Hacker Way, Menlo Park, California 94025, USA, integriert. Die Facebook-Plugins erkennen Sie an dem Facebook-Logo oder dem Share-Button\u201d auf unserer Seite. Eine \u00dcbersicht \u00fcber die Facebook-Plugins finden Sie hier:&nbsp;<a href=\"http:\/\/developers.facebook.com\/docs\/plugins\/\">http:\/\/developers.facebook.com\/docs\/plugins\/<\/a>.<\/p>\n\n\n\n<p>Wenn Sie unsere Seiten besuchen, wird \u00fcber das Plugin eine direkte Verbindung zwischen Ihrem Browser und dem Facebook-Server hergestellt. Facebook erh\u00e4lt dadurch die Information, dass Sie mit Ihrer IP-Adresse unsere Seite besucht haben. Wenn Sie den Facebook \u201cShare-Button\u201d anklicken w\u00e4hrend Sie in Ihrem Facebook-Account eingeloggt sind, k\u00f6nnen Sie die Inhalte unserer Seiten auf Ihrem Facebook-Profil verlinken. Dadurch kann Facebook den Besuch unserer Seiten Ihrem Benutzerkonto zuordnen. Wir weisen darauf hin, dass wir als Anbieter der Seiten keine Kenntnis vom Inhalt der \u00fcbermittelten Daten sowie deren Nutzung durch Facebook erhalten. Weitere Informationen hierzu finden Sie in der Datenschutzerkl\u00e4rung von Facebook unter&nbsp;<a href=\"http:\/\/de-de.facebook.com\/policy.php\">http:\/\/de-de.facebook.com\/policy.php<\/a>. Wenn Sie nicht w\u00fcnschen, dass Facebook den Besuch unserer Seiten Ihrem Facebook- Nutzerkonto zuordnen kann, loggen Sie sich bitte aus Ihrem Facebook-Benutzerkonto aus.<\/p>\n\n\n\n<h2 class=\"wp-block-heading\">DATENSCHUTZERKL\u00c4RUNG F\u00dcR DIE NUTZUNG VON GOOGLE ANALYTICS<\/h2>\n\n\n\n<p>Diese Website benutzt Google Analytics, einen Webanalysedienst der Google Inc. (\u201cGoogle\u201d). Google Analytics verwendet sog. \u201cCookies\u201d, Textdateien, die auf Ihrem Computer gespeichert werden und die eine Analyse der Benutzung der Website durch Sie erm\u00f6glichen. Die durch den Cookie erzeugten Informationen \u00fcber Ihre Benutzung dieser Website werden in der Regel an einen Server von Google in den USA \u00fcbertragen und dort gespeichert. Im Falle der Aktivierung der IP-Anonymisierung auf dieser Webseite wird Ihre IP-Adresse von Google jedoch innerhalb von Mitgliedstaaten der Europ\u00e4ischen Union oder in anderen Vertragsstaaten des Abkommens \u00fcber den Europ\u00e4ischen Wirtschaftsraum zuvor gek\u00fcrzt.<\/p>\n\n\n\n<p>Nur in Ausnahmef\u00e4llen wird die volle IP-Adresse an einen Server von Google in den USA \u00fcbertragen und dort gek\u00fcrzt. Im Auftrag des Betreibers dieser Website wird Google diese Informationen benutzen, um Ihre Nutzung der Website auszuwerten, um Reports \u00fcber die Websiteaktivit\u00e4ten zusammenzustellen und um weitere mit der Websitenutzung und der Internetnutzung verbundene Dienstleistungen gegen\u00fcber dem Websitebetreiber zu erbringen. Die im Rahmen von Google Analytics von Ihrem Browser \u00fcbermittelte IP-Adresse wird nicht mit anderen Daten von Google zusammengef\u00fchrt. Sie k\u00f6nnen die Speicherung der Cookies durch eine entsprechende Einstellung Ihrer Browser-Software verhindern; wir weisen Sie jedoch darauf hin, dass Sie in diesem Fall gegebenenfalls nicht s\u00e4mtliche Funktionen dieser Website vollumf\u00e4nglich werden nutzen k\u00f6nnen. Sie k\u00f6nnen dar\u00fcber hinaus die Erfassung der durch das Cookie erzeugten und auf Ihre Nutzung der Website bezogenen Daten (inkl. Ihrer IP-Adresse) an Google sowie die Verarbeitung dieser Daten durch Google verhindern, indem sie das unter dem folgenden Link verf\u00fcgbare Browser-Plugin herunterladen und installieren:&nbsp;<a href=\"http:\/\/tools.google.com\/dlpage\/gaoptout?hl=de\">http:\/\/tools.google.com\/dlpage\/gaoptout?hl=de<\/a>.<\/p>\n\n\n\n<p>Sie k\u00f6nnen die Erfassung durch Google Analytics verhindern, indem Sie auf folgenden Link klicken. Es wird ein Opt-Out-Cookie gesetzt, das die zuk\u00fcnftige Erfassung Ihrer Daten beim Besuch dieser Website verhindert: Google Analytics deaktivieren<\/p>\n\n\n\n<p><br>N\u00e4here Informationen zu Nutzungsbedingungen und Datenschutz finden Sie unter&nbsp;<a href=\"http:\/\/www.google.com\/analytics\/terms\/de.html\">http:\/\/www.google.com\/analytics\/terms\/de.html<\/a>&nbsp;bzw. unter&nbsp;<a href=\"https:\/\/www.google.de\/intl\/de\/policies\/\">https:\/\/www.google.de\/intl\/de\/policies\/<\/a>. Wir weisen Sie darauf hin, dass auf dieser Website Google Analytics um den Code \u201ega(\u2018set\u2019, \u2018anonymizeIp\u2019, true);\u201c erweitert wurde, um eine anonymisierte Erfassung von IP-Adressen (sog. IP-Masking) zu gew\u00e4hrleisten.<\/p>\n\n\n\n<h2 class=\"wp-block-heading\">AUSKUNFT, L\u00d6SCHUNG, SPERRUNG<\/h2>\n\n\n\n<p>Sie haben jederzeit das Recht auf unentgeltliche Auskunft \u00fcber Ihre gespeicherten personenbezogenen Daten, deren Herkunft und Empf\u00e4nger und den Zweck der Datenverarbeitung sowie ein Recht auf Berichtigung, Sperrung oder L\u00f6schung dieser Daten. Hierzu sowie zu weiteren Fragen zum Thema personenbezogene Daten k\u00f6nnen Sie sich jederzeit unter der im Impressum angegebenen Adresse an uns wenden.<\/p>\n\n\n\n<h2 class=\"wp-block-heading\">COOKIES<\/h2>\n\n\n\n<p>Die Internetseiten verwenden teilweise so genannte Cookies. Cookies richten auf Ihrem Rechner keinen Schaden an und enthalten keine Viren. Cookies dienen dazu, unser Angebot nutzerfreundlicher, effektiver und sicherer zu machen. Cookies sind kleine Textdateien, die auf Ihrem Rechner abgelegt werden und die Ihr Browser speichert. Die meisten der von uns verwendeten Cookies sind so genannte \u201eSession-Cookies\u201c. Sie werden nach Ende Ihres Besuchs automatisch gel\u00f6scht. Andere Cookies bleiben auf Ihrem Endger\u00e4t gespeichert, bis Sie diese l\u00f6schen. Diese Cookies erm\u00f6glichen es uns, Ihren Browser beim n\u00e4chsten Besuch wiederzuerkennen. Sie k\u00f6nnen Ihren Browser so einstellen, dass Sie \u00fcber das Setzen von Cookies informiert werden und Cookies nur im Einzelfall erlauben, die Annahme von Cookies f\u00fcr bestimmte F\u00e4lle oder generell ausschlie\u00dfen sowie das automatische L\u00f6schen der Cookies beim Schlie\u00dfen des Browser aktivieren. Bei der Deaktivierung von Cookies kann die Funktionalit\u00e4t dieser Website eingeschr\u00e4nkt sein.<\/p>\n\n\n\n<h2 class=\"wp-block-heading\">SERVER-LOG-FILES<\/h2>\n\n\n\n<p>Der Provider der Seiten erhebt und speichert automatisch Informationen in so genannten Server-Log Files, die Ihr Browser automatisch an uns \u00fcbermittelt. Dies sind:<br>\u2022 Browsertyp\/ Browserversion<br>\u2022 verwendetes Betriebssystem<br>\u2022 Referrer URL<br>\u2022 Hostname des zugreifenden Rechners<br>\u2022 Uhrzeit der Serveranfrage<br>Diese Daten sind nicht bestimmten Personen zuordenbar. Eine Zusammenf\u00fchrung dieser Daten mit anderen Datenquellen wird nicht vorgenommen. Wir behalten uns vor, diese Daten nachtr\u00e4glich zu pr\u00fcfen, wenn uns konkrete Anhaltspunkte f\u00fcr eine rechtswidrige Nutzung bekannt werden.<\/p>\n","protected":false},"excerpt":{"rendered":"<div class=\"entry-summary\">\nDATENSCHUTZ-BESTIMMUNGEN Nach DSGVO haben Sie das Recht, jederzeit Informationen zu Ihren gesammelten Daten bei uns zu erfragen und\/oder eine L\u00f6schung\/\u00c4nderung zu veranlassen. Dem kommen wir gerne nach. Best\u00e4tigen Sie uns kurz Ihre Identit\u00e4t \u00fcber unser Kontaktformular oder per E-Mail direkt&hellip;\n<\/div>\n<div class=\"link-more\"><a href=\"https:\/\/x-acon.de\/xacon-wp\/datenschutzerklaerung\/\" class=\"more-link\"><span class=\"screen-reader-text\"> &ldquo;Datenschutzerkl\u00e4rung&rdquo;<\/span> weiterlesen\u00a0&hellip;<\/a><\/div>\n","protected":false},"author":1,"featured_media":0,"parent":0,"menu_order":0,"comment_status":"closed","ping_status":"open","template":"","meta":{"inline_featured_image":false,"ngg_post_thumbnail":0,"_themeisle_gutenberg_block_has_review":false,"footnotes":""},"class_list":["post-3","page","type-page","status-publish","hentry","entry"],"_links":{"self":[{"href":"https:\/\/x-acon.de\/xacon-wp\/wp-json\/wp\/v2\/pages\/3","targetHints":{"allow":["GET"]}}],"collection":[{"href":"https:\/\/x-acon.de\/xacon-wp\/wp-json\/wp\/v2\/pages"}],"about":[{"href":"https:\/\/x-acon.de\/xacon-wp\/wp-json\/wp\/v2\/types\/page"}],"author":[{"embeddable":true,"href":"https:\/\/x-acon.de\/xacon-wp\/wp-json\/wp\/v2\/users\/1"}],"replies":[{"embeddable":true,"href":"https:\/\/x-acon.de\/xacon-wp\/wp-json\/wp\/v2\/comments?post=3"}],"version-history":[{"count":3,"href":"https:\/\/x-acon.de\/xacon-wp\/wp-json\/wp\/v2\/pages\/3\/revisions"}],"predecessor-version":[{"id":589,"href":"https:\/\/x-acon.de\/xacon-wp\/wp-json\/wp\/v2\/pages\/3\/revisions\/589"}],"wp:attachment":[{"href":"https:\/\/x-acon.de\/xacon-wp\/wp-json\/wp\/v2\/media?parent=3"}],"curies":[{"name":"wp","href":"https:\/\/api.w.org\/{rel}","templated":true}]}}