{"id":96,"date":"2019-07-15T13:55:34","date_gmt":"2019-07-15T11:55:34","guid":{"rendered":"https:\/\/x-acon.de\/xacon-wp\/?page_id=96"},"modified":"2025-07-24T10:44:21","modified_gmt":"2025-07-24T08:44:21","slug":"x-series","status":"publish","type":"page","link":"https:\/\/x-acon.de\/xacon-wp\/standbau\/x-series\/","title":{"rendered":"X-Series"},"content":{"rendered":"\nngg_shortcode_0_placeholder\n\n\n\n<p>Unser X-Series Standbau ist ein hochwertiger Systemstandbau, welcher<br>wie ein individual Standbau designt werden kann. Hochwertige Aluminium Rahmen die im modularen System verbaut werden k\u00f6nnen. Vielf\u00e4ltige Einsatzm\u00f6glichkeiten durch anpassungsf\u00e4hige Module. Die Elemente k\u00f6nnen mit verschiedenen Oberfl\u00e4chen best\u00fcckt werden. Standardm\u00e4\u00dfig sind unsere Rahmen (250cm x 100cm) mit einem wei\u00dfen Blockout Stoff bezogen (wahlweise auch in Schwarz m\u00f6glich). In jedem Rahmen k\u00f6nnen die Stoffe einzeln mit Hilfe einer Gummilippe in den Rahmen gespannt werden. Der X-Series Standbau kann in verschiedenen H\u00f6hen angeboten werden. Standardm\u00e4\u00dfig in 250cm, 375cm oder sogar bis 500cm kann so der Stand sicher aufgebaut werden.<\/p>\n\n\n\n<p>Alternativ k\u00f6nnen die Rahmen mit wei\u00dfen Hochglanz-Platten\nbest\u00fcckt werden. Es gibt jedoch auch die M\u00f6glichkeit, einzelne Rahmen mit\nkundeneigenen Grafiken zu bedrucken. Dies ist auch \u00fcber gr\u00f6\u00dfere\nzusammenh\u00e4ngende Fl\u00e4chen m\u00f6glich. (z.B. als R\u00fcckwand 375cm x 500cm) Der Vorteil\ndieses Systems ist die stimmige Gesamtoptik eines Standes, bei dem man von den\nAluprofilen so gut wie nichts sieht. Mit dem X-Series Standbau System sind auch\nungew\u00f6hnliche Konstruktionen m\u00f6glich. So sind in unserem Angebot auch B\u00f6gen\nvorhanden (gerne auch mit Spots beleuchtet) oder Ecken k\u00f6nnen abgerundet\nwerden. Auch ein individuellerer Thekenbau ist m\u00f6glich. Sehen Sie sich die\nBilder an, die unsere vielf\u00e4ltigen Einsatzm\u00f6glichkeiten zeigen!<\/p>\n\n\n\n<p>Kabinenbau mit abschlie\u00dfbaren T\u00fcren sind ebenfalls Standard.<\/p>\n\n\n\n<p>Haben Sie spezielle W\u00fcnsche, Anfragen oder m\u00f6chten Sie ein unverbindliches Angebot? Fragen Sie unser Standbau-Design Team! <\/p>\n","protected":false},"excerpt":{"rendered":"<div class=\"entry-summary\">\nUnser X-Series Standbau ist ein hochwertiger Systemstandbau, welcherwie ein individual Standbau designt werden kann. Hochwertige Aluminium Rahmen die im modularen System verbaut werden k\u00f6nnen. Vielf\u00e4ltige Einsatzm\u00f6glichkeiten durch anpassungsf\u00e4hige Module. Die Elemente k\u00f6nnen mit verschiedenen Oberfl\u00e4chen best\u00fcckt werden. Standardm\u00e4\u00dfig sind unsere&hellip;\n<\/div>\n<div class=\"link-more\"><a href=\"https:\/\/x-acon.de\/xacon-wp\/standbau\/x-series\/\" class=\"more-link\"><span class=\"screen-reader-text\"> &ldquo;X-Series&rdquo;<\/span> weiterlesen\u00a0&hellip;<\/a><\/div>\n","protected":false},"author":1,"featured_media":0,"parent":14,"menu_order":0,"comment_status":"closed","ping_status":"closed","template":"","meta":{"inline_featured_image":false,"ngg_post_thumbnail":0,"_themeisle_gutenberg_block_has_review":false,"footnotes":""},"class_list":["post-96","page","type-page","status-publish","hentry","entry"],"_links":{"self":[{"href":"https:\/\/x-acon.de\/xacon-wp\/wp-json\/wp\/v2\/pages\/96","targetHints":{"allow":["GET"]}}],"collection":[{"href":"https:\/\/x-acon.de\/xacon-wp\/wp-json\/wp\/v2\/pages"}],"about":[{"href":"https:\/\/x-acon.de\/xacon-wp\/wp-json\/wp\/v2\/types\/page"}],"author":[{"embeddable":true,"href":"https:\/\/x-acon.de\/xacon-wp\/wp-json\/wp\/v2\/users\/1"}],"replies":[{"embeddable":true,"href":"https:\/\/x-acon.de\/xacon-wp\/wp-json\/wp\/v2\/comments?post=96"}],"version-history":[{"count":6,"href":"https:\/\/x-acon.de\/xacon-wp\/wp-json\/wp\/v2\/pages\/96\/revisions"}],"predecessor-version":[{"id":898,"href":"https:\/\/x-acon.de\/xacon-wp\/wp-json\/wp\/v2\/pages\/96\/revisions\/898"}],"up":[{"embeddable":true,"href":"https:\/\/x-acon.de\/xacon-wp\/wp-json\/wp\/v2\/pages\/14"}],"wp:attachment":[{"href":"https:\/\/x-acon.de\/xacon-wp\/wp-json\/wp\/v2\/media?parent=96"}],"curies":[{"name":"wp","href":"https:\/\/api.w.org\/{rel}","templated":true}]}}