{"id":98,"date":"2019-07-15T13:55:54","date_gmt":"2019-07-15T11:55:54","guid":{"rendered":"https:\/\/x-acon.de\/xacon-wp\/?page_id=98"},"modified":"2019-09-08T20:26:57","modified_gmt":"2019-09-08T18:26:57","slug":"cube","status":"publish","type":"page","link":"https:\/\/x-acon.de\/xacon-wp\/standbau\/cube\/","title":{"rendered":"CUBE"},"content":{"rendered":"\nngg_shortcode_0_placeholder\n\n\n\n<p>Unser CUBE System ist ein Standard Messebau System, optisch\n\u00e4hnelt es dem bekannten Octanorm System. CUBE l\u00e4sst sich in 250cm oder 375cm\nWandh\u00f6he aufbauen. Unser kosteng\u00fcnstiges System ist ebenfalls vielf\u00e4ltig\neinsetzbar und besteht aus Aluprofilen, die mit Hilfe eines Steckverschlusses\nmiteinander verbunden werden k\u00f6nnen. Die F\u00fcllung besteht aus 3mm\nHartfaserplatten, die wei\u00df beschichtet sind. Der Stand ist dennoch\nindividualisierbar. Jede Hartfaserplatte ist nach Kundenwunsch bedruckbar.\nHierf\u00fcr werden spezielle Folien (nach Ihren Vorgaben gedruckt) von uns auf die\nHartfaserplatten kaschiert und nach dem Messeeinsatz wieder von der Platte\nentfernt. So k\u00f6nnen Sie Ihren Messeauftritt individuell und auch farbig\ngestalten. F\u00fcr spezielle Kundenanforderungen k\u00f6nnen hier auch Lochplatten mit\nHaken verwendet werden.<\/p>\n\n\n\n<p>Kabinenbau mit abschlie\u00dfbaren T\u00fcren sind ebenfalls Standard.<\/p>\n\n\n\n<p>Haben Sie spezielle W\u00fcnsche, Anfragen oder m\u00f6chten Sie ein unverbindliches Angebot? Fragen Sie unser Standbau-Design Team! <\/p>\n","protected":false},"excerpt":{"rendered":"<div class=\"entry-summary\">\nUnser CUBE System ist ein Standard Messebau System, optisch \u00e4hnelt es dem bekannten Octanorm System. CUBE l\u00e4sst sich in 250cm oder 375cm Wandh\u00f6he aufbauen. Unser kosteng\u00fcnstiges System ist ebenfalls vielf\u00e4ltig einsetzbar und besteht aus Aluprofilen, die mit Hilfe eines Steckverschlusses&hellip;\n<\/div>\n<div class=\"link-more\"><a href=\"https:\/\/x-acon.de\/xacon-wp\/standbau\/cube\/\" class=\"more-link\"><span class=\"screen-reader-text\"> &ldquo;CUBE&rdquo;<\/span> weiterlesen\u00a0&hellip;<\/a><\/div>\n","protected":false},"author":1,"featured_media":0,"parent":14,"menu_order":1,"comment_status":"closed","ping_status":"closed","template":"","meta":{"inline_featured_image":false,"ngg_post_thumbnail":0,"_themeisle_gutenberg_block_has_review":false,"footnotes":""},"class_list":["post-98","page","type-page","status-publish","hentry","entry"],"_links":{"self":[{"href":"https:\/\/x-acon.de\/xacon-wp\/wp-json\/wp\/v2\/pages\/98","targetHints":{"allow":["GET"]}}],"collection":[{"href":"https:\/\/x-acon.de\/xacon-wp\/wp-json\/wp\/v2\/pages"}],"about":[{"href":"https:\/\/x-acon.de\/xacon-wp\/wp-json\/wp\/v2\/types\/page"}],"author":[{"embeddable":true,"href":"https:\/\/x-acon.de\/xacon-wp\/wp-json\/wp\/v2\/users\/1"}],"replies":[{"embeddable":true,"href":"https:\/\/x-acon.de\/xacon-wp\/wp-json\/wp\/v2\/comments?post=98"}],"version-history":[{"count":9,"href":"https:\/\/x-acon.de\/xacon-wp\/wp-json\/wp\/v2\/pages\/98\/revisions"}],"predecessor-version":[{"id":732,"href":"https:\/\/x-acon.de\/xacon-wp\/wp-json\/wp\/v2\/pages\/98\/revisions\/732"}],"up":[{"embeddable":true,"href":"https:\/\/x-acon.de\/xacon-wp\/wp-json\/wp\/v2\/pages\/14"}],"wp:attachment":[{"href":"https:\/\/x-acon.de\/xacon-wp\/wp-json\/wp\/v2\/media?parent=98"}],"curies":[{"name":"wp","href":"https:\/\/api.w.org\/{rel}","templated":true}]}}